{"id":590,"date":"2025-02-01T21:31:19","date_gmt":"2025-02-01T20:31:19","guid":{"rendered":"https:\/\/sfk-automation.com\/?page_id=590"},"modified":"2025-02-01T22:44:20","modified_gmt":"2025-02-01T21:44:20","slug":"dsgvo","status":"publish","type":"page","link":"https:\/\/sfk-automation.com\/?page_id=590","title":{"rendered":"DSGVO"},"content":{"rendered":"\t\t<div data-elementor-type=\"wp-page\" data-elementor-id=\"590\" class=\"elementor elementor-590\" data-elementor-post-type=\"page\">\n\t\t\t\t<div class=\"elementor-element elementor-element-84d6eec e-flex e-con-boxed e-con e-parent\" data-id=\"84d6eec\" data-element_type=\"container\" data-e-type=\"container\">\n\t\t\t\t\t<div class=\"e-con-inner\">\n\t\t\t\t<div class=\"elementor-element elementor-element-1c129c3 elementor-widget elementor-widget-heading\" data-id=\"1c129c3\" data-element_type=\"widget\" data-e-type=\"widget\" data-widget_type=\"heading.default\">\n\t\t\t\t<div class=\"elementor-widget-container\">\n\t\t\t\t\t<h2 class=\"elementor-heading-title elementor-size-default\">Datenschutz-Grundverordnung [DSGVO]<\/h2>\t\t\t\t<\/div>\n\t\t\t\t<\/div>\n\t\t\t\t\t<\/div>\n\t\t\t\t<\/div>\n\t\t<div class=\"elementor-element elementor-element-9d71f02 e-flex e-con-boxed e-con e-parent\" data-id=\"9d71f02\" data-element_type=\"container\" data-e-type=\"container\">\n\t\t\t\t\t<div class=\"e-con-inner\">\n\t\t\t\t<div class=\"elementor-element elementor-element-31a1cd9 elementor-widget elementor-widget-text-editor\" data-id=\"31a1cd9\" data-element_type=\"widget\" data-e-type=\"widget\" data-widget_type=\"text-editor.default\">\n\t\t\t\t<div class=\"elementor-widget-container\">\n\t\t\t\t\t\t\t\t\t<p>Ihre pers\u00f6nlichen Daten sind bei uns sicher! Aber \u00fcberzeugen Sie sich gerne selbst davon. Alle Informationen zur neuen Datenschutz-Grundverordnung (DSGVO) finden Sie hier:<\/p>\t\t\t\t\t\t\t\t<\/div>\n\t\t\t\t<\/div>\n\t\t\t\t\t<\/div>\n\t\t\t\t<\/div>\n\t\t<div class=\"elementor-element elementor-element-36befc3 e-grid e-con-boxed e-con e-parent\" data-id=\"36befc3\" data-element_type=\"container\" data-e-type=\"container\">\n\t\t\t\t\t<div class=\"e-con-inner\">\n\t\t\t\t<div class=\"elementor-element elementor-element-ab86dfd elementor-invisible elementor-widget elementor-widget-image\" data-id=\"ab86dfd\" data-element_type=\"widget\" data-e-type=\"widget\" data-settings=\"{&quot;_animation&quot;:&quot;fadeInLeft&quot;}\" data-widget_type=\"image.default\">\n\t\t\t\t<div class=\"elementor-widget-container\">\n\t\t\t\t\t\t\t\t\t\t\t\t<figure class=\"wp-caption\">\n\t\t\t\t\t\t\t\t\t\t\t<a href=\"https:\/\/sfk-automation.com\/wp-content\/uploads\/2025\/02\/01_2024_Erklaerung_Kunden_Interessenten_de.pdf\" target=\"_blank\">\n\t\t\t\t\t\t\t<img decoding=\"async\" width=\"150\" height=\"150\" src=\"https:\/\/sfk-automation.com\/wp-content\/uploads\/2025\/02\/pdf-155498_1280-150x150.png\" class=\"attachment-thumbnail size-thumbnail wp-image-599\" alt=\"\" srcset=\"https:\/\/sfk-automation.com\/wp-content\/uploads\/2025\/02\/elementor\/thumbs\/pdf-155498_1280-r0vt5ss0mclg739i3ybx5nx8irk70992knijgee6os.png 150w, https:\/\/sfk-automation.com\/wp-content\/uploads\/2025\/02\/pdf-155498_1280-300x300.png 300w, https:\/\/sfk-automation.com\/wp-content\/uploads\/2025\/02\/pdf-155498_1280-1024x1024.png 1024w, https:\/\/sfk-automation.com\/wp-content\/uploads\/2025\/02\/pdf-155498_1280-768x768.png 768w, https:\/\/sfk-automation.com\/wp-content\/uploads\/2025\/02\/elementor\/thumbs\/pdf-155498_1280-r0vt5srywyafxvu9xh4a75jj2hnwvsr2c53aufq2n8.png 10w, https:\/\/sfk-automation.com\/wp-content\/uploads\/2025\/02\/elementor\/thumbs\/pdf-155498_1280-r0vt5srzeht0l33rp1gr1l2vhfckci1couxdazwyno.png 50w, https:\/\/sfk-automation.com\/wp-content\/uploads\/2025\/02\/elementor\/thumbs\/pdf-155498_1280-r0vt5srzn9kawoqiktmzgsujow6w2uohv7ueja0enw.png 70w, https:\/\/sfk-automation.com\/wp-content\/uploads\/2025\/02\/pdf-155498_1280.png 1280w\" sizes=\"(max-width: 150px) 100vw, 150px\" \/>\t\t\t\t\t\t\t\t<\/a>\n\t\t\t\t\t\t\t\t\t\t\t<figcaption class=\"widget-image-caption wp-caption-text\">Erkl\u00e4rung f\u00fcr Kunden<\/figcaption>\n\t\t\t\t\t\t\t\t\t\t<\/figure>\n\t\t\t\t\t\t\t\t\t<\/div>\n\t\t\t\t<\/div>\n\t\t\t\t<div class=\"elementor-element elementor-element-1fc2289 elementor-invisible elementor-widget elementor-widget-image\" data-id=\"1fc2289\" data-element_type=\"widget\" data-e-type=\"widget\" data-settings=\"{&quot;_animation&quot;:&quot;fadeInRight&quot;}\" data-widget_type=\"image.default\">\n\t\t\t\t<div class=\"elementor-widget-container\">\n\t\t\t\t\t\t\t\t\t\t\t\t<figure class=\"wp-caption\">\n\t\t\t\t\t\t\t\t\t\t\t<a href=\"https:\/\/sfk-automation.com\/wp-content\/uploads\/2025\/02\/01_2024_Erklaerung_Lieferanten_de.pdf\">\n\t\t\t\t\t\t\t<img decoding=\"async\" width=\"150\" height=\"150\" src=\"https:\/\/sfk-automation.com\/wp-content\/uploads\/2025\/02\/pdf-155498_1280-150x150.png\" class=\"attachment-thumbnail size-thumbnail wp-image-599\" alt=\"\" srcset=\"https:\/\/sfk-automation.com\/wp-content\/uploads\/2025\/02\/elementor\/thumbs\/pdf-155498_1280-r0vt5ss0mclg739i3ybx5nx8irk70992knijgee6os.png 150w, https:\/\/sfk-automation.com\/wp-content\/uploads\/2025\/02\/pdf-155498_1280-300x300.png 300w, https:\/\/sfk-automation.com\/wp-content\/uploads\/2025\/02\/pdf-155498_1280-1024x1024.png 1024w, https:\/\/sfk-automation.com\/wp-content\/uploads\/2025\/02\/pdf-155498_1280-768x768.png 768w, https:\/\/sfk-automation.com\/wp-content\/uploads\/2025\/02\/elementor\/thumbs\/pdf-155498_1280-r0vt5srywyafxvu9xh4a75jj2hnwvsr2c53aufq2n8.png 10w, https:\/\/sfk-automation.com\/wp-content\/uploads\/2025\/02\/elementor\/thumbs\/pdf-155498_1280-r0vt5srzeht0l33rp1gr1l2vhfckci1couxdazwyno.png 50w, https:\/\/sfk-automation.com\/wp-content\/uploads\/2025\/02\/elementor\/thumbs\/pdf-155498_1280-r0vt5srzn9kawoqiktmzgsujow6w2uohv7ueja0enw.png 70w, https:\/\/sfk-automation.com\/wp-content\/uploads\/2025\/02\/pdf-155498_1280.png 1280w\" sizes=\"(max-width: 150px) 100vw, 150px\" \/>\t\t\t\t\t\t\t\t<\/a>\n\t\t\t\t\t\t\t\t\t\t\t<figcaption class=\"widget-image-caption wp-caption-text\">Erkl\u00e4rung f\u00fcr Lieferanten<\/figcaption>\n\t\t\t\t\t\t\t\t\t\t<\/figure>\n\t\t\t\t\t\t\t\t\t<\/div>\n\t\t\t\t<\/div>\n\t\t\t\t\t<\/div>\n\t\t\t\t<\/div>\n\t\t\t\t<\/div>\n\t\t","protected":false},"excerpt":{"rendered":"<p>Datenschutz-Grundverordnung [DSGVO] Ihre pers\u00f6nlichen Daten sind bei uns sicher! Aber \u00fcberzeugen Sie sich gerne selbst davon. Alle Informationen zur neuen Datenschutz-Grundverordnung (DSGVO) finden Sie hier: Erkl\u00e4rung f\u00fcr Kunden Erkl\u00e4rung f\u00fcr [&hellip;]<\/p>\n","protected":false},"author":1,"featured_media":0,"parent":0,"menu_order":0,"comment_status":"closed","ping_status":"closed","template":"","meta":{"footnotes":""},"class_list":["post-590","page","type-page","status-publish","hentry","wpbf-post"],"_links":{"self":[{"href":"https:\/\/sfk-automation.com\/index.php?rest_route=\/wp\/v2\/pages\/590","targetHints":{"allow":["GET"]}}],"collection":[{"href":"https:\/\/sfk-automation.com\/index.php?rest_route=\/wp\/v2\/pages"}],"about":[{"href":"https:\/\/sfk-automation.com\/index.php?rest_route=\/wp\/v2\/types\/page"}],"author":[{"embeddable":true,"href":"https:\/\/sfk-automation.com\/index.php?rest_route=\/wp\/v2\/users\/1"}],"replies":[{"embeddable":true,"href":"https:\/\/sfk-automation.com\/index.php?rest_route=%2Fwp%2Fv2%2Fcomments&post=590"}],"version-history":[{"count":13,"href":"https:\/\/sfk-automation.com\/index.php?rest_route=\/wp\/v2\/pages\/590\/revisions"}],"predecessor-version":[{"id":611,"href":"https:\/\/sfk-automation.com\/index.php?rest_route=\/wp\/v2\/pages\/590\/revisions\/611"}],"wp:attachment":[{"href":"https:\/\/sfk-automation.com\/index.php?rest_route=%2Fwp%2Fv2%2Fmedia&parent=590"}],"curies":[{"name":"wp","href":"https:\/\/api.w.org\/{rel}","templated":true}]}}