{"id":542,"date":"2025-01-28T22:48:24","date_gmt":"2025-01-28T21:48:24","guid":{"rendered":"https:\/\/sfk-automation.com\/?page_id=542"},"modified":"2025-01-28T22:53:39","modified_gmt":"2025-01-28T21:53:39","slug":"impressum","status":"publish","type":"page","link":"https:\/\/sfk-automation.com\/?page_id=542","title":{"rendered":"Impressum"},"content":{"rendered":"\t\t<div data-elementor-type=\"wp-page\" data-elementor-id=\"542\" class=\"elementor elementor-542\" data-elementor-post-type=\"page\">\n\t\t\t\t<div class=\"elementor-element elementor-element-4837c04 e-flex e-con-boxed e-con e-parent\" data-id=\"4837c04\" data-element_type=\"container\" data-e-type=\"container\">\n\t\t\t\t\t<div class=\"e-con-inner\">\n\t\t\t\t<div class=\"elementor-element elementor-element-d26d73c elementor-widget elementor-widget-heading\" data-id=\"d26d73c\" data-element_type=\"widget\" data-e-type=\"widget\" data-widget_type=\"heading.default\">\n\t\t\t\t<div class=\"elementor-widget-container\">\n\t\t\t\t\t<h2 class=\"elementor-heading-title elementor-size-default\">Impressum<\/h2>\t\t\t\t<\/div>\n\t\t\t\t<\/div>\n\t\t\t\t<div class=\"elementor-element elementor-element-1c41793 elementor-widget elementor-widget-text-editor\" data-id=\"1c41793\" data-element_type=\"widget\" data-e-type=\"widget\" data-widget_type=\"text-editor.default\">\n\t\t\t\t<div class=\"elementor-widget-container\">\n\t\t\t\t\t\t\t\t\t<p><span style=\"color: #585858; font-family: 'Fira Sans', Arial, Verdana, sans-serif;\">SFK Automation GmbH<\/span><br style=\"margin: 0px; padding: 0px; -webkit-tap-highlight-color: transparent; --primary-color: #ef7d00; --secondary-color: #0c6ec6; --tertiary-color: #585858; --lightgray: #f5f5f5; --lightgray-border: #d0d0d0; color: #585858; font-family: 'Fira Sans', Arial, Verdana, sans-serif;\" \/><span style=\"color: #585858; font-family: 'Fira Sans', Arial, Verdana, sans-serif;\">Siemensstr. 12<\/span><br style=\"margin: 0px; padding: 0px; -webkit-tap-highlight-color: transparent; --primary-color: #ef7d00; --secondary-color: #0c6ec6; --tertiary-color: #585858; --lightgray: #f5f5f5; --lightgray-border: #d0d0d0; color: #585858; font-family: 'Fira Sans', Arial, Verdana, sans-serif;\" \/><span style=\"color: #585858; font-family: 'Fira Sans', Arial, Verdana, sans-serif;\">29643 Neuenkirchen<\/span><br style=\"margin: 0px; padding: 0px; -webkit-tap-highlight-color: transparent; --primary-color: #ef7d00; --secondary-color: #0c6ec6; --tertiary-color: #585858; --lightgray: #f5f5f5; --lightgray-border: #d0d0d0; color: #585858; font-family: 'Fira Sans', Arial, Verdana, sans-serif;\" \/><span style=\"color: #585858; font-family: 'Fira Sans', Arial, Verdana, sans-serif;\">Deutschland<\/span><br style=\"margin: 0px; padding: 0px; -webkit-tap-highlight-color: transparent; --primary-color: #ef7d00; --secondary-color: #0c6ec6; --tertiary-color: #585858; --lightgray: #f5f5f5; --lightgray-border: #d0d0d0; color: #585858; font-family: 'Fira Sans', Arial, Verdana, sans-serif;\" \/><br style=\"margin: 0px; padding: 0px; -webkit-tap-highlight-color: transparent; --primary-color: #ef7d00; --secondary-color: #0c6ec6; --tertiary-color: #585858; --lightgray: #f5f5f5; --lightgray-border: #d0d0d0; color: #585858; font-family: 'Fira Sans', Arial, Verdana, sans-serif;\" \/><span style=\"color: #585858; font-family: 'Fira Sans', Arial, Verdana, sans-serif;\">Tel.: +4951954729910<\/span><br style=\"margin: 0px; padding: 0px; -webkit-tap-highlight-color: transparent; --primary-color: #ef7d00; --secondary-color: #0c6ec6; --tertiary-color: #585858; --lightgray: #f5f5f5; --lightgray-border: #d0d0d0; color: #585858; font-family: 'Fira Sans', Arial, Verdana, sans-serif;\" \/><span style=\"color: #585858; font-family: 'Fira Sans', Arial, Verdana, sans-serif;\">E-Mail: info@sfk-automation.com<\/span><br style=\"margin: 0px; padding: 0px; -webkit-tap-highlight-color: transparent; --primary-color: #ef7d00; --secondary-color: #0c6ec6; --tertiary-color: #585858; --lightgray: #f5f5f5; --lightgray-border: #d0d0d0; color: #585858; font-family: 'Fira Sans', Arial, Verdana, sans-serif;\" \/><br style=\"margin: 0px; padding: 0px; -webkit-tap-highlight-color: transparent; --primary-color: #ef7d00; --secondary-color: #0c6ec6; --tertiary-color: #585858; --lightgray: #f5f5f5; --lightgray-border: #d0d0d0; color: #585858; font-family: 'Fira Sans', Arial, Verdana, sans-serif;\" \/><span style=\"color: #585858; font-family: 'Fira Sans', Arial, Verdana, sans-serif;\">Registergericht: Amtsgericht L\u00fcneburg<\/span><br style=\"margin: 0px; padding: 0px; -webkit-tap-highlight-color: transparent; --primary-color: #ef7d00; --secondary-color: #0c6ec6; --tertiary-color: #585858; --lightgray: #f5f5f5; --lightgray-border: #d0d0d0; color: #585858; font-family: 'Fira Sans', Arial, Verdana, sans-serif;\" \/><span style=\"color: #585858; font-family: 'Fira Sans', Arial, Verdana, sans-serif;\">Registernummer: HRB 211818<\/span><br style=\"margin: 0px; padding: 0px; -webkit-tap-highlight-color: transparent; --primary-color: #ef7d00; --secondary-color: #0c6ec6; --tertiary-color: #585858; --lightgray: #f5f5f5; --lightgray-border: #d0d0d0; color: #585858; font-family: 'Fira Sans', Arial, Verdana, sans-serif;\" \/><br style=\"margin: 0px; padding: 0px; -webkit-tap-highlight-color: transparent; --primary-color: #ef7d00; --secondary-color: #0c6ec6; --tertiary-color: #585858; --lightgray: #f5f5f5; --lightgray-border: #d0d0d0; color: #585858; font-family: 'Fira Sans', Arial, Verdana, sans-serif;\" \/><span style=\"color: #585858; font-family: 'Fira Sans', Arial, Verdana, sans-serif;\">Gesch\u00e4ftsf\u00fchrer: S\u00f6nke Freimuth, S\u00f6nke K\u00f6rner<\/span><br style=\"margin: 0px; padding: 0px; -webkit-tap-highlight-color: transparent; --primary-color: #ef7d00; --secondary-color: #0c6ec6; --tertiary-color: #585858; --lightgray: #f5f5f5; --lightgray-border: #d0d0d0; color: #585858; font-family: 'Fira Sans', Arial, Verdana, sans-serif;\" \/><br style=\"margin: 0px; padding: 0px; -webkit-tap-highlight-color: transparent; --primary-color: #ef7d00; --secondary-color: #0c6ec6; --tertiary-color: #585858; --lightgray: #f5f5f5; --lightgray-border: #d0d0d0; color: #585858; font-family: 'Fira Sans', Arial, Verdana, sans-serif;\" \/><span style=\"color: #585858; font-family: 'Fira Sans', Arial, Verdana, sans-serif;\">Umsatzsteuer-Identifikationsnummer: DE366231870<\/span><br style=\"margin: 0px; padding: 0px; -webkit-tap-highlight-color: transparent; --primary-color: #ef7d00; --secondary-color: #0c6ec6; --tertiary-color: #585858; --lightgray: #f5f5f5; --lightgray-border: #d0d0d0; color: #585858; font-family: 'Fira Sans', Arial, Verdana, sans-serif;\" \/><br style=\"margin: 0px; padding: 0px; -webkit-tap-highlight-color: transparent; --primary-color: #ef7d00; --secondary-color: #0c6ec6; --tertiary-color: #585858; --lightgray: #f5f5f5; --lightgray-border: #d0d0d0; color: #585858; font-family: 'Fira Sans', Arial, Verdana, sans-serif;\" \/><span style=\"color: #585858; font-family: 'Fira Sans', Arial, Verdana, sans-serif;\">Plattform der EU-Kommission zur Online-Streitbeilegung:\u00a0<\/span><a style=\"margin: 0px; padding: 0px; -webkit-tap-highlight-color: transparent; --primary-color: #ef7d00; --secondary-color: #0c6ec6; --tertiary-color: #585858; --lightgray: #f5f5f5; --lightgray-border: #d0d0d0; background: #ffffff; border: 0px; outline-style: initial; outline-width: 0px; vertical-align: top; overflow-wrap: break-word; font-family: 'Fira Sans', Arial, Verdana, sans-serif;\" href=\"https:\/\/ec.europa.eu\/odr\" target=\"_blank\" rel=\"noopener\">https:\/\/ec.europa.eu\/odr<\/a><br style=\"margin: 0px; padding: 0px; -webkit-tap-highlight-color: transparent; --primary-color: #ef7d00; --secondary-color: #0c6ec6; --tertiary-color: #585858; --lightgray: #f5f5f5; --lightgray-border: #d0d0d0; color: #585858; font-family: 'Fira Sans', Arial, Verdana, sans-serif;\" \/><br style=\"margin: 0px; padding: 0px; -webkit-tap-highlight-color: transparent; --primary-color: #ef7d00; --secondary-color: #0c6ec6; --tertiary-color: #585858; --lightgray: #f5f5f5; --lightgray-border: #d0d0d0; color: #585858; font-family: 'Fira Sans', Arial, Verdana, sans-serif;\" \/><span style=\"color: #585858; font-family: 'Fira Sans', Arial, Verdana, sans-serif;\">Wir sind zur Teilnahme an einem Streitbeilegungsverfahren vor einer Verbraucherschlichtungsstelle weder verpflichtet noch bereit.<\/span><\/p>\t\t\t\t\t\t\t\t<\/div>\n\t\t\t\t<\/div>\n\t\t\t\t\t<\/div>\n\t\t\t\t<\/div>\n\t\t\t\t<\/div>\n\t\t","protected":false},"excerpt":{"rendered":"<p>Impressum SFK Automation GmbHSiemensstr. 1229643 NeuenkirchenDeutschlandTel.: +4951954729910E-Mail: info@sfk-automation.comRegistergericht: Amtsgericht L\u00fcneburgRegisternummer: HRB 211818Gesch\u00e4ftsf\u00fchrer: S\u00f6nke Freimuth, S\u00f6nke K\u00f6rnerUmsatzsteuer-Identifikationsnummer: DE366231870Plattform der EU-Kommission zur Online-Streitbeilegung:\u00a0https:\/\/ec.europa.eu\/odrWir sind zur Teilnahme an einem Streitbeilegungsverfahren vor einer Verbraucherschlichtungsstelle [&hellip;]<\/p>\n","protected":false},"author":1,"featured_media":0,"parent":0,"menu_order":0,"comment_status":"closed","ping_status":"closed","template":"","meta":{"footnotes":""},"class_list":["post-542","page","type-page","status-publish","hentry","wpbf-post"],"_links":{"self":[{"href":"https:\/\/sfk-automation.com\/index.php?rest_route=\/wp\/v2\/pages\/542","targetHints":{"allow":["GET"]}}],"collection":[{"href":"https:\/\/sfk-automation.com\/index.php?rest_route=\/wp\/v2\/pages"}],"about":[{"href":"https:\/\/sfk-automation.com\/index.php?rest_route=\/wp\/v2\/types\/page"}],"author":[{"embeddable":true,"href":"https:\/\/sfk-automation.com\/index.php?rest_route=\/wp\/v2\/users\/1"}],"replies":[{"embeddable":true,"href":"https:\/\/sfk-automation.com\/index.php?rest_route=%2Fwp%2Fv2%2Fcomments&post=542"}],"version-history":[{"count":10,"href":"https:\/\/sfk-automation.com\/index.php?rest_route=\/wp\/v2\/pages\/542\/revisions"}],"predecessor-version":[{"id":552,"href":"https:\/\/sfk-automation.com\/index.php?rest_route=\/wp\/v2\/pages\/542\/revisions\/552"}],"wp:attachment":[{"href":"https:\/\/sfk-automation.com\/index.php?rest_route=%2Fwp%2Fv2%2Fmedia&parent=542"}],"curies":[{"name":"wp","href":"https:\/\/api.w.org\/{rel}","templated":true}]}}